{"id":219,"date":"2024-09-07T20:49:24","date_gmt":"2024-09-07T18:49:24","guid":{"rendered":"https:\/\/radio-soundstadl.de\/wordpress\/?page_id=219"},"modified":"2026-02-02T21:47:50","modified_gmt":"2026-02-02T20:47:50","slug":"befreundete-webseiten","status":"publish","type":"page","link":"https:\/\/radio-soundstadl.de\/?page_id=219","title":{"rendered":"Befreundete Webseiten:"},"content":{"rendered":"\t\t<div data-elementor-type=\"wp-page\" data-elementor-id=\"219\" class=\"elementor elementor-219\">\n\t\t\t\t<div class=\"elementor-element elementor-element-1d410493 e-flex e-con-boxed e-con e-parent\" data-id=\"1d410493\" data-element_type=\"container\" data-e-type=\"container\">\n\t\t\t\t\t<div class=\"e-con-inner\">\n\t\t\t\t<div class=\"elementor-element elementor-element-29bfc36 elementor-widget elementor-widget-text-editor\" data-id=\"29bfc36\" data-element_type=\"widget\" data-e-type=\"widget\" data-widget_type=\"text-editor.default\">\n\t\t\t\t<div class=\"elementor-widget-container\">\n\t\t\t\t\t\t\t\t\t<div style=\"text-align: center;\"><span style=\"font-size: 24pt; color: #ff00ff;\">Die Homepage von Gladi:<\/span><br \/><span style=\"font-size: 24pt; color: #999999;\"><a style=\"color: #999999;\" href=\"https:\/\/kriegerth.de\/\" target=\"_blank\" rel=\"noopener\">https:\/\/kriegerth.de\/<\/a><\/span><\/div><div style=\"text-align: center;\">\u00a0<\/div><div style=\"text-align: center;\"><span style=\"color: #ff00ff;\">****************************************<\/span><\/div><div style=\"text-align: center;\">\u00a0<\/div><div>\u00a0<\/div><div>\u00a0<\/div><div class=\"xr_txt Normal_text xr_s18\" style=\"text-align: center;\"><span class=\"xr_tl Normal_text xr_s18\" style=\"font-size: 24pt; color: #ff00ff;\">Wer gerne chattet, ist hier bestens aufgehoben: <\/span><br \/><span class=\"xr_tl Normal_text xr_s18\" style=\"font-size: 24pt; color: #999999;\"><a style=\"color: #999999;\" href=\"https:\/\/radio-soundstadl.de\/stadl-chat\/login.php\" target=\"_blank\" rel=\"noopener noreferrer\">https:\/\/www.radio-soundstadl.de\/stadl-chat\/login.php<\/a><\/span><\/div><div style=\"text-align: center;\"><span style=\"color: #ff00ff;\">*******************************************<\/span><\/div><div>\u00a0<\/div><div>\u00a0<\/div><div>\u00a0<\/div><div class=\"xr_txt Normal_text xr_s18\" style=\"text-align: center;\"><span class=\"xr_tl Normal_text xr_s18\" style=\"font-size: 24pt; color: #ff00ff;\">Wer gerne Musik h\u00f6rt, findet hier f\u00fcr jeden etwas:<\/span><br \/><span class=\"xr_tl xr_s24\" style=\"font-size: 24pt; color: #999999;\"><a style=\"color: #999999;\" href=\"https:\/\/radio-soundstadl.de\/test\/player.html\" target=\"_blank\" rel=\"noopener noreferrer\">Radios \u2014 Player<\/a><\/span><\/div><div class=\"xr_txt xr_s24\" style=\"text-align: center;\"><span style=\"color: #ff00ff;\">*******************************************<\/span><\/div><div>\u00a0<\/div><div>\u00a0<\/div><div style=\"text-align: center;\"><span style=\"font-size: 24pt;\">Hammergeile Musik findet ihr bei Carl Bausch Music<\/span><\/div><div>\u00a0<\/div><div style=\"text-align: center;\"><span style=\"font-size: 24pt; color: #999999;\"><a style=\"color: #999999;\" href=\"https:\/\/carlbausch.com\/\" target=\"_blank\" rel=\"noopener\">Carl Bausch Music<\/a><\/span><\/div><div style=\"text-align: center;\"><span style=\"font-size: 24pt; color: #999999;\"><a style=\"color: #999999;\" href=\"https:\/\/www.youtube.com\/@carlbauschmusic\" target=\"_blank\" rel=\"noopener\">\u00a0Carl Bausch Music &#8211; YouTube<\/a><\/span><\/div><div><div class=\"xr_txt xr_s24\" style=\"text-align: center;\"><span style=\"color: #ff00ff;\">*******************************************<\/span><\/div><div>\u00a0<\/div><\/div><div>\u00a0<\/div><div>\u00a0<\/div><div style=\"text-align: center;\"><span style=\"font-size: 24pt; color: #ff00ff;\">Die Youtube-Seite unserer Stadlwirtin:<\/span><\/div><div style=\"text-align: center;\">\u00a0<\/div><div style=\"text-align: center;\"><span style=\"font-size: 24pt;\"><span style=\"color: #999999;\"><a style=\"color: #999999;\" href=\"https:\/\/www.youtube.com\/@martinapatzold2188\">TiSi &#8211; YouTube<\/a><\/span><\/span><\/div><div style=\"text-align: center;\"><span style=\"color: #ff00ff;\">*******************************************<\/span><\/div><div>\u00a0<\/div><div>\u00a0<\/div><h4 style=\"text-align: center;\"><span style=\"font-size: 24pt; color: #ff00ff;\">FRC-All-Music, die Seite f\u00fcr Musiker und K\u00fcnstler:<\/span><\/h4><div style=\"text-align: center;\"><span style=\"font-size: 24pt; color: #999999;\"><a style=\"color: #999999;\" href=\"https:\/\/frc-all-music.com\/\" target=\"_blank\" rel=\"noopener\">https:\/\/frc-all-music.com\/<\/a><\/span><\/div><div class=\"xr_group\" style=\"text-align: center;\"><span style=\"color: #ff00ff;\">******************************************<\/span><\/div><div>\u00a0<\/div><div>\u00a0<\/div><div>\u00a0<\/div><p class=\"xr_group\" style=\"text-align: center;\"><span style=\"color: #ff00ff; font-size: 24pt;\">Unser Stammh\u00f6rer und Musiker aus Tirol &#8211; Niko(laus):<\/span><\/p><p class=\"xr_group\" style=\"text-align: center;\"><span style=\"color: #ff00ff;\"><span style=\"font-size: 24pt;\"><span style=\"color: #999999;\"><a style=\"color: #999999;\" href=\"https:\/\/g-niko-1.jimdosite.com\/\">https:\/\/defender-tirol.jimdofree.com\/<\/a><\/span><\/span><\/span><\/p><p style=\"text-align: center;\"><span style=\"color: #ff00ff;\">****************************************************************<\/span><\/p><div>\u00a0<\/div><div class=\"xr_txt xr_s25\" style=\"text-align: center;\"><span class=\"xr_tl xr_s25\" style=\"font-size: 24pt; color: #ff00ff;\">Gutes Essen in Bad Griesbach gibt es im Adria:<\/span><\/div><div class=\"xr_txt xr_s25\" style=\"text-align: center;\">\u00a0<\/div><div class=\"xr_txt xr_s24\" style=\"text-align: center;\"><span class=\"xr_tl xr_s24\" style=\"font-size: 24pt; color: #999999;\"><a style=\"color: #999999;\" href=\"https:\/\/peters-catering.de\/\" target=\"_blank\" rel=\"noopener noreferrer\">https:\/\/www.peters-catering.de<\/a><\/span><\/div><div>\u00a0<\/div><div style=\"text-align: center;\">********************************************<\/div><div style=\"text-align: center;\"><span style=\"font-size: 24pt; color: #ff00ff;\">F\u00fcr Kenner des guten Weines k\u00f6nnen wir Weinbau K\u00f6hler empfehlen:<\/span><\/div><div style=\"text-align: center;\"><span style=\"font-size: 24pt; color: #999999;\"><a style=\"color: #999999;\" href=\"https:\/\/www.weinbau-koehler.de\/\" target=\"_blank\" rel=\"noopener\">https:\/\/www.weinbau-koehler.de\/<\/a><\/span><\/div><div>\u00a0<\/div>\t\t\t\t\t\t\t\t<\/div>\n\t\t\t\t<\/div>\n\t\t\t\t\t<\/div>\n\t\t\t\t<\/div>\n\t\t<div class=\"elementor-element elementor-element-7073304 e-flex e-con-boxed e-con e-parent\" data-id=\"7073304\" data-element_type=\"container\" data-e-type=\"container\">\n\t\t\t\t\t<div class=\"e-con-inner\">\n\t\t\t\t<div class=\"elementor-element elementor-element-6d7da78 elementor-widget elementor-widget-html\" data-id=\"6d7da78\" data-element_type=\"widget\" data-e-type=\"widget\" data-widget_type=\"html.default\">\n\t\t\t\t<div class=\"elementor-widget-container\">\n\t\t\t\t\t<script src=\"https:\/\/www.yogizaehler.de\/Besucherzaehler\/pz_018_2.php?id=4419666001&design=142010003\"><\/script>\t\t\t\t<\/div>\n\t\t\t\t<\/div>\n\t\t\t\t\t<\/div>\n\t\t\t\t<\/div>\n\t\t\t\t<\/div>\n\t\t","protected":false},"excerpt":{"rendered":"<p>Die Homepage von Gladi:https:\/\/kriegerth.de\/\u00a0****************************************\u00a0\u00a0\u00a0Wer gerne chattet, ist hier bestens aufgehoben: https:\/\/www.radio-soundstadl.de\/stadl-chat\/login.php*******************************************\u00a0\u00a0\u00a0Wer gerne Musik h\u00f6rt, findet hier f\u00fcr jeden etwas:Radios \u2014 Player*******************************************\u00a0\u00a0Hammergeile Musik findet ihr bei Carl Bausch Music\u00a0Carl Bausch Music\u00a0Carl Bausch Music &#8211; YouTube*******************************************\u00a0\u00a0\u00a0Die Youtube-Seite unserer Stadlwirtin:\u00a0TiSi &#8211; YouTube*******************************************\u00a0\u00a0 FRC-All-Music, die Seite f\u00fcr Musiker und K\u00fcnstler: https:\/\/frc-all-music.com\/******************************************\u00a0\u00a0\u00a0 Unser Stammh\u00f6rer und Musiker aus Tirol &#8211; Niko(laus): &hellip; <\/p>\n<p class=\"link-more\"><a href=\"https:\/\/radio-soundstadl.de\/?page_id=219\" class=\"more-link\">Continue reading<span class=\"screen-reader-text\"> &#8220;Befreundete Webseiten:&#8221;<\/span><\/a><\/p>\n","protected":false},"author":1,"featured_media":0,"parent":2,"menu_order":0,"comment_status":"closed","ping_status":"closed","template":"","meta":{"footnotes":""},"class_list":["post-219","page","type-page","status-publish","hentry"],"_links":{"self":[{"href":"https:\/\/radio-soundstadl.de\/index.php?rest_route=\/wp\/v2\/pages\/219","targetHints":{"allow":["GET"]}}],"collection":[{"href":"https:\/\/radio-soundstadl.de\/index.php?rest_route=\/wp\/v2\/pages"}],"about":[{"href":"https:\/\/radio-soundstadl.de\/index.php?rest_route=\/wp\/v2\/types\/page"}],"author":[{"embeddable":true,"href":"https:\/\/radio-soundstadl.de\/index.php?rest_route=\/wp\/v2\/users\/1"}],"replies":[{"embeddable":true,"href":"https:\/\/radio-soundstadl.de\/index.php?rest_route=%2Fwp%2Fv2%2Fcomments&post=219"}],"version-history":[{"count":59,"href":"https:\/\/radio-soundstadl.de\/index.php?rest_route=\/wp\/v2\/pages\/219\/revisions"}],"predecessor-version":[{"id":1656,"href":"https:\/\/radio-soundstadl.de\/index.php?rest_route=\/wp\/v2\/pages\/219\/revisions\/1656"}],"up":[{"embeddable":true,"href":"https:\/\/radio-soundstadl.de\/index.php?rest_route=\/wp\/v2\/pages\/2"}],"wp:attachment":[{"href":"https:\/\/radio-soundstadl.de\/index.php?rest_route=%2Fwp%2Fv2%2Fmedia&parent=219"}],"curies":[{"name":"wp","href":"https:\/\/api.w.org\/{rel}","templated":true}]}}