{"id":2,"date":"2024-08-01T09:20:10","date_gmt":"2024-08-01T07:20:10","guid":{"rendered":"\/?page_id=2"},"modified":"2026-03-27T17:23:56","modified_gmt":"2026-03-27T16:23:56","slug":"beispiel-seite","status":"publish","type":"page","link":"https:\/\/radio-soundstadl.de\/","title":{"rendered":"Home"},"content":{"rendered":"\t\t<div data-elementor-type=\"wp-page\" data-elementor-id=\"2\" class=\"elementor elementor-2\">\n\t\t\t\t<div class=\"elementor-element elementor-element-7f5cc27 e-flex e-con-boxed e-con e-parent\" data-id=\"7f5cc27\" data-element_type=\"container\" data-e-type=\"container\">\n\t\t\t\t\t<div class=\"e-con-inner\">\n\t\t\t\t<div class=\"elementor-element elementor-element-b9baf63 elementor-widget elementor-widget-text-editor\" data-id=\"b9baf63\" data-element_type=\"widget\" data-e-type=\"widget\" data-widget_type=\"text-editor.default\">\n\t\t\t\t<div class=\"elementor-widget-container\">\n\t\t\t\t\t\t\t\t\t<h4><span style=\"font-family: verdana, geneva, sans-serif; color: #ff00ff;\"><strong><span style=\"font-size: 36pt;\"><sub>Herzlich willkommen im<\/sub><\/span><\/strong><\/span><\/h4><h4><span style=\"font-family: verdana, geneva, sans-serif; color: #ff00ff;\"><strong><span style=\"font-size: 36pt;\"><sub>Radio Soundstadl<\/sub><\/span><\/strong><\/span><\/h4>\t\t\t\t\t\t\t\t<\/div>\n\t\t\t\t<\/div>\n\t\t\t\t\t<\/div>\n\t\t\t\t<\/div>\n\t\t<div class=\"elementor-element elementor-element-f3256a1 e-flex e-con-boxed e-con e-parent\" data-id=\"f3256a1\" data-element_type=\"container\" data-e-type=\"container\">\n\t\t\t\t\t<div class=\"e-con-inner\">\n\t\t\t\t<div class=\"elementor-element elementor-element-3762c9a elementor-widget elementor-widget-text-editor\" data-id=\"3762c9a\" data-element_type=\"widget\" data-e-type=\"widget\" data-widget_type=\"text-editor.default\">\n\t\t\t\t<div class=\"elementor-widget-container\">\n\t\t\t\t\t\t\t\t\t<h5>\u00a0<\/h5><h4 style=\"text-align: center;\"><span style=\"color: #ff00ff;\"><strong>Bei uns bist du richtig, wenn du gute Musik aus allen Genres h\u00f6ren m\u00f6chtest.<\/strong><\/span><\/h4><h4 style=\"text-align: center;\"><span style=\"color: #ff00ff;\"><strong>\u00a0<\/strong><\/span><\/h4><h4><span style=\"color: #ff00ff;\"><strong>\u00a0<\/strong><\/span><\/h4>\t\t\t\t\t\t\t\t<\/div>\n\t\t\t\t<\/div>\n\t\t\t\t\t<\/div>\n\t\t\t\t<\/div>\n\t\t<div class=\"elementor-element elementor-element-99396ca e-con-full e-flex e-con e-parent\" data-id=\"99396ca\" data-element_type=\"container\" data-e-type=\"container\">\n\t\t\t\t<div class=\"elementor-element elementor-element-b40e697 elementor-widget elementor-widget-heading\" data-id=\"b40e697\" data-element_type=\"widget\" data-e-type=\"widget\" data-widget_type=\"heading.default\">\n\t\t\t\t<div class=\"elementor-widget-container\">\n\t\t\t\t\t<h5 class=\"elementor-heading-title elementor-size-default\">Unsere aktuelle Sendung\n\n\n\n\n<\/h5>\t\t\t\t<\/div>\n\t\t\t\t<\/div>\n\t\t\t\t<div class=\"elementor-element elementor-element-203b129 elementor-widget__width-initial elementor-widget elementor-widget-html\" data-id=\"203b129\" data-element_type=\"widget\" data-e-type=\"widget\" data-settings=\"{&quot;_animation&quot;:&quot;none&quot;}\" data-widget_type=\"html.default\">\n\t\t\t\t<div class=\"elementor-widget-container\">\n\t\t\t\t\t\n\n\n\n<iframe src=\"https:\/\/radio-soundstadl.de\/sendeplan\/index.php?page=infos&mode=onairbox\" style=\"border:0;width:400px;height:210px;\"><\/iframe> \n\n\n\t\t\t\t<\/div>\n\t\t\t\t<\/div>\n\t\t\t\t<div class=\"elementor-element elementor-element-061f420 elementor-widget elementor-widget-text-editor\" data-id=\"061f420\" data-element_type=\"widget\" data-e-type=\"widget\" data-widget_type=\"text-editor.default\">\n\t\t\t\t<div class=\"elementor-widget-container\">\n\t\t\t\t\t\t\t\t\t<h5 style=\"text-align: center;\">Unsere n\u00e4chste Sendung<\/h5>\t\t\t\t\t\t\t\t<\/div>\n\t\t\t\t<\/div>\n\t\t\t\t<div class=\"elementor-element elementor-element-4148764 elementor-widget__width-initial elementor-widget elementor-widget-html\" data-id=\"4148764\" data-element_type=\"widget\" data-e-type=\"widget\" data-widget_type=\"html.default\">\n\t\t\t\t<div class=\"elementor-widget-container\">\n\t\t\t\t\t\n\n   \n<iframe src=\"https:\/\/radio-soundstadl.de\/sendeplan\/index.php?page=infos&mode=onairbox&next=1\" style=\"border:0;width:400px;height:180px;\"><\/iframe>\t\t\t\t<\/div>\n\t\t\t\t<\/div>\n\t\t\t\t<\/div>\n\t\t<div class=\"elementor-element elementor-element-242a8ac e-flex e-con-boxed e-con e-parent\" data-id=\"242a8ac\" data-element_type=\"container\" data-e-type=\"container\">\n\t\t\t\t\t<div class=\"e-con-inner\">\n\t\t<div class=\"elementor-element elementor-element-2d7db7d e-con-full e-flex e-con e-child\" data-id=\"2d7db7d\" data-element_type=\"container\" data-e-type=\"container\">\n\t\t\t\t<div class=\"elementor-element elementor-element-7e6db1d elementor-widget elementor-widget-image\" data-id=\"7e6db1d\" data-element_type=\"widget\" data-e-type=\"widget\" data-widget_type=\"image.default\">\n\t\t\t\t<div class=\"elementor-widget-container\">\n\t\t\t\t\t\t\t\t\t\t\t\t\t\t\t<img fetchpriority=\"high\" decoding=\"async\" width=\"536\" height=\"418\" src=\"https:\/\/radio-soundstadl.de\/wp-content\/uploads\/2025\/02\/257696663_4969313743079251_2651437776653266363_n.jpg\" class=\"attachment-large size-large wp-image-1122\" alt=\"\" srcset=\"https:\/\/radio-soundstadl.de\/wp-content\/uploads\/2025\/02\/257696663_4969313743079251_2651437776653266363_n.jpg 536w, https:\/\/radio-soundstadl.de\/wp-content\/uploads\/2025\/02\/257696663_4969313743079251_2651437776653266363_n-300x234.jpg 300w, https:\/\/radio-soundstadl.de\/wp-content\/uploads\/2025\/02\/257696663_4969313743079251_2651437776653266363_n-60x47.jpg 60w\" sizes=\"(max-width: 536px) 100vw, 536px\" \/>\t\t\t\t\t\t\t\t\t\t\t\t\t\t\t<\/div>\n\t\t\t\t<\/div>\n\t\t\t\t<\/div>\n\t\t\t\t<div class=\"elementor-element elementor-element-c521d62 elementor-widget elementor-widget-heading\" data-id=\"c521d62\" data-element_type=\"widget\" data-e-type=\"widget\" data-widget_type=\"heading.default\">\n\t\t\t\t<div class=\"elementor-widget-container\">\n\t\t\t\t\t<h2 class=\"elementor-heading-title elementor-size-default\">Nachfolgend einige Sendungen, die regelm\u00e4\u00dfig zu h\u00f6ren sind:\n\n\n\n<\/h2>\t\t\t\t<\/div>\n\t\t\t\t<\/div>\n\t\t\t\t\t<\/div>\n\t\t\t\t<\/div>\n\t\t<div class=\"elementor-element elementor-element-2f3be9b1 e-con-full e-flex e-con e-parent\" data-id=\"2f3be9b1\" data-element_type=\"container\" data-e-type=\"container\">\n\t\t\t\t<div class=\"elementor-element elementor-element-9c6ba4a elementor-widget elementor-widget-text-editor\" data-id=\"9c6ba4a\" data-element_type=\"widget\" data-e-type=\"widget\" data-widget_type=\"text-editor.default\">\n\t\t\t\t<div class=\"elementor-widget-container\">\n\t\t\t\t\t\t\t\t\t<p>\u00a0<\/p><p style=\"text-align: center;\"><span style=\"color: #ff00ff;\"><strong><span style=\"font-size: 18pt;\">Donnerstags von 18:00 bis 20:00 Uhr Sagenhaftes Bayern rockt mit der charmanten Christl Fischer\u00a0<\/span><\/strong><\/span><\/p><p><img decoding=\"async\" class=\"alignnone size-full wp-image-920\" src=\"https:\/\/radio-soundstadl.de\/wp-content\/uploads\/2024\/12\/Sagenhaftes-Bayern.jpg\" alt=\"\" width=\"500\" height=\"500\" srcset=\"https:\/\/radio-soundstadl.de\/wp-content\/uploads\/2024\/12\/Sagenhaftes-Bayern.jpg 500w, https:\/\/radio-soundstadl.de\/wp-content\/uploads\/2024\/12\/Sagenhaftes-Bayern-300x300.jpg 300w, https:\/\/radio-soundstadl.de\/wp-content\/uploads\/2024\/12\/Sagenhaftes-Bayern-150x150.jpg 150w, https:\/\/radio-soundstadl.de\/wp-content\/uploads\/2024\/12\/Sagenhaftes-Bayern-60x60.jpg 60w\" sizes=\"(max-width: 500px) 100vw, 500px\" \/><\/p><p><span style=\"color: #ff00ff;\"><strong><span style=\"font-size: 18pt;\">Jeden Sonntag von 20:00 bis 22:00 Uhr der Wochendausklang mit DJ Peter<\/span><\/strong><\/span><\/p><p><img decoding=\"async\" class=\"alignnone size-full wp-image-1185\" src=\"https:\/\/radio-soundstadl.de\/wp-content\/uploads\/2025\/03\/Peter-Sonntag.jpg\" alt=\"\" width=\"450\" height=\"675\" srcset=\"https:\/\/radio-soundstadl.de\/wp-content\/uploads\/2025\/03\/Peter-Sonntag.jpg 450w, https:\/\/radio-soundstadl.de\/wp-content\/uploads\/2025\/03\/Peter-Sonntag-200x300.jpg 200w, https:\/\/radio-soundstadl.de\/wp-content\/uploads\/2025\/03\/Peter-Sonntag-60x90.jpg 60w\" sizes=\"(max-width: 450px) 100vw, 450px\" \/><\/p><p style=\"text-align: center;\"><span style=\"color: #ff00ff;\"><strong><span style=\"font-size: 18pt;\">Mittwochs 20:00 Uhr der Wochenteiler mit unserem Modi Gladi:<\/span> <\/strong><\/span><\/p><p><img loading=\"lazy\" decoding=\"async\" class=\"alignnone wp-image-1607 size-full\" src=\"https:\/\/radio-soundstadl.de\/wp-content\/uploads\/2025\/11\/sendestudio-gladi.jpg\" alt=\"\" width=\"600\" height=\"600\" srcset=\"https:\/\/radio-soundstadl.de\/wp-content\/uploads\/2025\/11\/sendestudio-gladi.jpg 600w, https:\/\/radio-soundstadl.de\/wp-content\/uploads\/2025\/11\/sendestudio-gladi-300x300.jpg 300w, https:\/\/radio-soundstadl.de\/wp-content\/uploads\/2025\/11\/sendestudio-gladi-150x150.jpg 150w, https:\/\/radio-soundstadl.de\/wp-content\/uploads\/2025\/11\/sendestudio-gladi-60x60.jpg 60w, https:\/\/radio-soundstadl.de\/wp-content\/uploads\/2025\/11\/sendestudio-gladi-560x560.jpg 560w\" sizes=\"(max-width: 600px) 100vw, 600px\" \/><\/p><p style=\"text-align: center;\"><strong>\u00a0<\/strong><\/p><p style=\"text-align: center;\"><span style=\"color: #ff00ff;\"><strong><span style=\"font-size: 18pt;\">Stammh\u00f6rer &#8211; Sendungen mit unserem Modi_Stefan:\u00a0<\/span> <\/strong><\/span><\/p><p style=\"text-align: center;\"><img loading=\"lazy\" decoding=\"async\" class=\"alignnone size-full wp-image-162\" src=\"https:\/\/radio-soundstadl.de\/wp-content\/uploads\/2024\/09\/stammis_stefan.jpg\" alt=\"\" width=\"600\" height=\"450\" srcset=\"https:\/\/radio-soundstadl.de\/wp-content\/uploads\/2024\/09\/stammis_stefan.jpg 600w, https:\/\/radio-soundstadl.de\/wp-content\/uploads\/2024\/09\/stammis_stefan-300x225.jpg 300w, https:\/\/radio-soundstadl.de\/wp-content\/uploads\/2024\/09\/stammis_stefan-60x45.jpg 60w\" sizes=\"(max-width: 600px) 100vw, 600px\" \/><\/p><h5>\u00a0<\/h5><p style=\"text-align: center;\"><strong><span style=\"color: #ff00ff; font-size: 18pt;\">Jeden Sonntag um 10:00 Uhr der beliebte Stadl-Fr\u00fchschoppen:\u00a0 <\/span><br \/><\/strong><\/p><p style=\"text-align: center;\"><img loading=\"lazy\" decoding=\"async\" class=\"alignnone size-full wp-image-161\" src=\"https:\/\/radio-soundstadl.de\/wp-content\/uploads\/2024\/09\/fruehstadl.jpg\" alt=\"\" width=\"500\" height=\"339\" srcset=\"https:\/\/radio-soundstadl.de\/wp-content\/uploads\/2024\/09\/fruehstadl.jpg 500w, https:\/\/radio-soundstadl.de\/wp-content\/uploads\/2024\/09\/fruehstadl-300x203.jpg 300w, https:\/\/radio-soundstadl.de\/wp-content\/uploads\/2024\/09\/fruehstadl-60x41.jpg 60w\" sizes=\"(max-width: 500px) 100vw, 500px\" \/><\/p><div>\u00a0<\/div><div>\u00a0<\/div>\t\t\t\t\t\t\t\t<\/div>\n\t\t\t\t<\/div>\n\t\t\t\t<\/div>\n\t\t<div class=\"elementor-element elementor-element-af36f60 e-flex e-con-boxed e-con e-parent\" data-id=\"af36f60\" data-element_type=\"container\" data-e-type=\"container\">\n\t\t\t\t\t<div class=\"e-con-inner\">\n\t\t\t\t<div class=\"elementor-element elementor-element-70ead21 elementor-widget elementor-widget-text-editor\" data-id=\"70ead21\" data-element_type=\"widget\" data-e-type=\"widget\" data-widget_type=\"text-editor.default\">\n\t\t\t\t<div class=\"elementor-widget-container\">\n\t\t\t\t\t\t\t\t\t<p>\u00a0<\/p><p style=\"text-align: center;\"><span style=\"font-size: 18pt; color: #ff00ff;\">Unsere charmante Moderatorin Christl Fischer rockt nicht nur die Bude, sondern hat u.a. auch die Buchreihe &#8220;Sagenhaftes Bayern&#8221; rausgebracht. <\/span><\/p><center><span style=\"font-size: 18pt; color: #ff00ff;\">Wie vielf\u00e4lltig die Christl ist, erfahrt ihr auf ihrer Webseite:<\/span><\/center><center><span style=\"color: #ff00ff;\"><a style=\"font-size: 18pt; text-align: var(--text-align); color: #ff00ff;\" href=\"https:\/\/www.christlfischer.com\/\" target=\"_blank\" rel=\"noopener\">https:\/\/www.christlfischer.com<\/a><\/span><\/center>\t\t\t\t\t\t\t\t<\/div>\n\t\t\t\t<\/div>\n\t\t\t\t\t<\/div>\n\t\t\t\t<\/div>\n\t\t<div class=\"elementor-element elementor-element-19a8b45 e-flex e-con-boxed e-con e-parent\" data-id=\"19a8b45\" data-element_type=\"container\" data-e-type=\"container\">\n\t\t\t\t\t<div class=\"e-con-inner\">\n\t\t\t\t<div class=\"elementor-element elementor-element-ac232b0 elementor-widget elementor-widget-image\" data-id=\"ac232b0\" data-element_type=\"widget\" data-e-type=\"widget\" data-widget_type=\"image.default\">\n\t\t\t\t<div class=\"elementor-widget-container\">\n\t\t\t\t\t\t\t\t\t\t\t\t<figure class=\"wp-caption\">\n\t\t\t\t\t\t\t\t\t\t<img decoding=\"async\" src=\"https:\/\/radio-soundstadl.de\/wp-content\/uploads\/2025\/01\/sagenhaft.jpg\" title=\"sagenhaft\" alt=\"sagenhaft\" loading=\"lazy\" \/>\t\t\t\t\t\t\t\t\t\t\t<figcaption class=\"widget-image-caption wp-caption-text\">Christl Fischer<\/figcaption>\n\t\t\t\t\t\t\t\t\t\t<\/figure>\n\t\t\t\t\t\t\t\t\t<\/div>\n\t\t\t\t<\/div>\n\t\t\t\t\t<\/div>\n\t\t\t\t<\/div>\n\t\t<div class=\"elementor-element elementor-element-bbd2ab8 e-flex e-con-boxed e-con e-parent\" data-id=\"bbd2ab8\" data-element_type=\"container\" data-e-type=\"container\">\n\t\t\t\t\t<div class=\"e-con-inner\">\n\t\t\t\t<div class=\"elementor-element elementor-element-000be8b elementor-widget elementor-widget-html\" data-id=\"000be8b\" data-element_type=\"widget\" data-e-type=\"widget\" data-widget_type=\"html.default\">\n\t\t\t\t<div class=\"elementor-widget-container\">\n\t\t\t\t\t<script src=\"https:\/\/www.yogizaehler.de\/Besucherzaehler\/pz_018_2.php?id=4419666001&design=142010013\"><\/script>\t\t\t\t<\/div>\n\t\t\t\t<\/div>\n\t\t\t\t\t<\/div>\n\t\t\t\t<\/div>\n\t\t<div class=\"elementor-element elementor-element-ec08957 e-flex e-con-boxed e-con e-parent\" data-id=\"ec08957\" data-element_type=\"container\" data-e-type=\"container\">\n\t\t\t\t\t<div class=\"e-con-inner\">\n\t\t<div class=\"elementor-element elementor-element-cf6a6bc e-con-full e-flex e-con e-child\" data-id=\"cf6a6bc\" data-element_type=\"container\" data-e-type=\"container\">\n\t\t\t\t<div class=\"elementor-element elementor-element-441bcb1 elementor-widget elementor-widget-image\" data-id=\"441bcb1\" data-element_type=\"widget\" data-e-type=\"widget\" data-widget_type=\"image.default\">\n\t\t\t\t<div class=\"elementor-widget-container\">\n\t\t\t\t\t\t\t\t\t\t\t\t\t\t\t\t<a href=\"https:\/\/www.facebook.com\/groups\/357182038753716\">\n\t\t\t\t\t\t\t<img loading=\"lazy\" decoding=\"async\" width=\"600\" height=\"338\" src=\"https:\/\/radio-soundstadl.de\/wp-content\/uploads\/2025\/11\/paraink.jpg\" class=\"attachment-large size-large wp-image-1615\" alt=\"\" srcset=\"https:\/\/radio-soundstadl.de\/wp-content\/uploads\/2025\/11\/paraink.jpg 600w, https:\/\/radio-soundstadl.de\/wp-content\/uploads\/2025\/11\/paraink-300x169.jpg 300w, https:\/\/radio-soundstadl.de\/wp-content\/uploads\/2025\/11\/paraink-60x34.jpg 60w\" sizes=\"(max-width: 600px) 100vw, 600px\" \/>\t\t\t\t\t\t\t\t<\/a>\n\t\t\t\t\t\t\t\t\t\t\t\t\t\t\t<\/div>\n\t\t\t\t<\/div>\n\t\t\t\t<\/div>\n\t\t<div class=\"elementor-element elementor-element-0963ea9 e-con-full e-flex e-con e-child\" data-id=\"0963ea9\" data-element_type=\"container\" data-e-type=\"container\">\n\t\t\t\t<div class=\"elementor-element elementor-element-7461789 elementor-widget elementor-widget-text-editor\" data-id=\"7461789\" data-element_type=\"widget\" data-e-type=\"widget\" data-widget_type=\"text-editor.default\">\n\t\t\t\t<div class=\"elementor-widget-container\">\n\t\t\t\t\t\t\t\t\t<p><span style=\"font-size: 18pt;\"><strong><span style=\"color: #00ff00;\">Wer sich f\u00fcr Paranormales interessiert, ist im &#8220;Neongr\u00fcnen Wohnzimmer&#8221; von Mark Lagerin absolut richtig!\u00a0<\/span><\/strong><\/span><span style=\"font-size: 18pt;\"><strong><span style=\"color: #00ff00;\">Unz\u00e4hlige Untersuchungen an bekannten Spukorten, Privatf\u00e4lle &#8211; man ist hautnah dabei. \u00dcberzeugt euch selber davon!\u00a0<\/span><\/strong><\/span><\/p><p><span style=\"font-size: 18pt;\"><strong><span style=\"color: #00ff00;\">Youtube-Kanal:<\/span><\/strong><\/span><\/p><p><span style=\"font-size: 18pt;\"><strong><span style=\"color: #00ff00;\">\u00a0<\/span><\/strong><\/span><span style=\"font-size: 10pt;\"><strong><span style=\"color: #00ff00;\"><a style=\"color: #00ff00;\" href=\"https:\/\/www.youtube.com\/@parainkdiegeisterjager8057\">https:\/\/www.youtube.com\/@parainkdiegeisterjager8057<\/a><\/span><\/strong><\/span><\/p>\t\t\t\t\t\t\t\t<\/div>\n\t\t\t\t<\/div>\n\t\t\t\t<\/div>\n\t\t\t\t\t<\/div>\n\t\t\t\t<\/div>\n\t\t<div class=\"elementor-element elementor-element-9bdf6c7 e-grid e-con-boxed e-con e-parent\" data-id=\"9bdf6c7\" data-element_type=\"container\" data-e-type=\"container\">\n\t\t\t\t\t<div class=\"e-con-inner\">\n\t\t\t\t<div class=\"elementor-element elementor-element-312d8bf elementor-widget elementor-widget-image\" data-id=\"312d8bf\" data-element_type=\"widget\" data-e-type=\"widget\" data-widget_type=\"image.default\">\n\t\t\t\t<div class=\"elementor-widget-container\">\n\t\t\t\t\t\t\t\t\t\t\t\t\t\t\t<img fetchpriority=\"high\" decoding=\"async\" width=\"536\" height=\"418\" src=\"https:\/\/radio-soundstadl.de\/wp-content\/uploads\/2025\/02\/257696663_4969313743079251_2651437776653266363_n.jpg\" class=\"attachment-large size-large wp-image-1122\" alt=\"\" srcset=\"https:\/\/radio-soundstadl.de\/wp-content\/uploads\/2025\/02\/257696663_4969313743079251_2651437776653266363_n.jpg 536w, https:\/\/radio-soundstadl.de\/wp-content\/uploads\/2025\/02\/257696663_4969313743079251_2651437776653266363_n-300x234.jpg 300w, https:\/\/radio-soundstadl.de\/wp-content\/uploads\/2025\/02\/257696663_4969313743079251_2651437776653266363_n-60x47.jpg 60w\" sizes=\"(max-width: 536px) 100vw, 536px\" \/>\t\t\t\t\t\t\t\t\t\t\t\t\t\t\t<\/div>\n\t\t\t\t<\/div>\n\t\t\t\t<div class=\"elementor-element elementor-element-5abd116 e-transform elementor-widget elementor-widget-text-editor\" data-id=\"5abd116\" data-element_type=\"widget\" data-e-type=\"widget\" data-settings=\"{&quot;_transform_rotateZ_effect&quot;:{&quot;unit&quot;:&quot;px&quot;,&quot;size&quot;:-18,&quot;sizes&quot;:[]},&quot;_transform_rotateZ_effect_tablet&quot;:{&quot;unit&quot;:&quot;deg&quot;,&quot;size&quot;:&quot;&quot;,&quot;sizes&quot;:[]},&quot;_transform_rotateZ_effect_mobile&quot;:{&quot;unit&quot;:&quot;deg&quot;,&quot;size&quot;:&quot;&quot;,&quot;sizes&quot;:[]}}\" data-widget_type=\"text-editor.default\">\n\t\t\t\t<div class=\"elementor-widget-container\">\n\t\t\t\t\t\t\t\t\t<h2>\u00a0<\/h2><h2><span style=\"color: #cc99ff;\"><strong>\u00a0\u00a0\u00a0\u00a0\u00a0\u00a0 <span style=\"color: #ff00ff;\">Wir suchen Verst\u00e4rkung!<\/span><\/strong><\/span><\/h2><p><strong><span style=\"font-size: 18pt;\">\u00a0\u00a0\u00a0<span style=\"color: #ff00ff;\"> Du gehst zum Lachen nicht in den Keller? Hast also Sinn f\u00fcr Humor und gute Laune?<\/span><\/span><\/strong><\/p><p><span style=\"color: #ff00ff;\"><strong><span style=\"font-size: 18pt;\">Du liebst Musik und m\u00f6chtest diese mit unseren H\u00f6rern teilen? Na, dann nichts wie los, wir freuen uns auf dich! Einfach auf Kontakt klicken und vielleicht stehst du dann schon in wenigen Tagen im Sendeplan!<\/span><\/strong><\/span><\/p>\t\t\t\t\t\t\t\t<\/div>\n\t\t\t\t<\/div>\n\t\t\t\t\t<\/div>\n\t\t\t\t<\/div>\n\t\t\t\t<\/div>\n\t\t","protected":false},"excerpt":{"rendered":"<p>Herzlich willkommen im Radio Soundstadl \u00a0 Bei uns bist du richtig, wenn du gute Musik aus allen Genres h\u00f6ren m\u00f6chtest. \u00a0 \u00a0 Unsere aktuelle Sendung Unsere n\u00e4chste Sendung Nachfolgend einige Sendungen, die regelm\u00e4\u00dfig zu h\u00f6ren sind: \u00a0 Donnerstags von 18:00 bis 20:00 Uhr Sagenhaftes Bayern rockt mit der charmanten Christl Fischer\u00a0 Jeden Sonntag von 20:00 &hellip; <\/p>\n<p class=\"link-more\"><a href=\"https:\/\/radio-soundstadl.de\/\" class=\"more-link\">Continue reading<span class=\"screen-reader-text\"> &#8220;Home&#8221;<\/span><\/a><\/p>\n","protected":false},"author":1,"featured_media":0,"parent":0,"menu_order":0,"comment_status":"closed","ping_status":"open","template":"","meta":{"footnotes":""},"class_list":["post-2","page","type-page","status-publish","hentry"],"_links":{"self":[{"href":"https:\/\/radio-soundstadl.de\/index.php?rest_route=\/wp\/v2\/pages\/2","targetHints":{"allow":["GET"]}}],"collection":[{"href":"https:\/\/radio-soundstadl.de\/index.php?rest_route=\/wp\/v2\/pages"}],"about":[{"href":"https:\/\/radio-soundstadl.de\/index.php?rest_route=\/wp\/v2\/types\/page"}],"author":[{"embeddable":true,"href":"https:\/\/radio-soundstadl.de\/index.php?rest_route=\/wp\/v2\/users\/1"}],"replies":[{"embeddable":true,"href":"https:\/\/radio-soundstadl.de\/index.php?rest_route=%2Fwp%2Fv2%2Fcomments&post=2"}],"version-history":[{"count":625,"href":"https:\/\/radio-soundstadl.de\/index.php?rest_route=\/wp\/v2\/pages\/2\/revisions"}],"predecessor-version":[{"id":1705,"href":"https:\/\/radio-soundstadl.de\/index.php?rest_route=\/wp\/v2\/pages\/2\/revisions\/1705"}],"wp:attachment":[{"href":"https:\/\/radio-soundstadl.de\/index.php?rest_route=%2Fwp%2Fv2%2Fmedia&parent=2"}],"curies":[{"name":"wp","href":"https:\/\/api.w.org\/{rel}","templated":true}]}}