{"id":1542,"date":"2025-04-10T19:02:16","date_gmt":"2025-04-10T17:02:16","guid":{"rendered":"https:\/\/radio-soundstadl.de\/?page_id=1542"},"modified":"2025-04-27T15:18:23","modified_gmt":"2025-04-27T13:18:23","slug":"unsere-kuenstler","status":"publish","type":"page","link":"https:\/\/radio-soundstadl.de\/?page_id=1542","title":{"rendered":"Unsere K\u00fcnstler"},"content":{"rendered":"\t\t<div data-elementor-type=\"wp-page\" data-elementor-id=\"1542\" class=\"elementor elementor-1542\">\n\t\t\t\t<div class=\"elementor-element elementor-element-3f94793d e-flex e-con-boxed e-con e-parent\" data-id=\"3f94793d\" data-element_type=\"container\" data-e-type=\"container\">\n\t\t\t\t\t<div class=\"e-con-inner\">\n\t\t\t\t<div class=\"elementor-element elementor-element-3cf3c494 elementor-widget elementor-widget-text-editor\" data-id=\"3cf3c494\" data-element_type=\"widget\" data-e-type=\"widget\" data-widget_type=\"text-editor.default\">\n\t\t\t\t<div class=\"elementor-widget-container\">\n\t\t\t\t\t\t\t\t\t<h2>Hier stellen wir euch K\u00fcnstler vor, die live im Soundstadl Interviews gaben (Christl) oder eben, mit denen wir befreundet sind.<\/h2>\t\t\t\t\t\t\t\t<\/div>\n\t\t\t\t<\/div>\n\t\t\t\t\t<\/div>\n\t\t\t\t<\/div>\n\t\t<div class=\"elementor-element elementor-element-14dc785 e-flex e-con-boxed e-con e-parent\" data-id=\"14dc785\" data-element_type=\"container\" data-e-type=\"container\">\n\t\t\t\t\t<div class=\"e-con-inner\">\n\t\t<div class=\"elementor-element elementor-element-97c0954 e-con-full e-flex e-con e-child\" data-id=\"97c0954\" data-element_type=\"container\" data-e-type=\"container\">\n\t\t\t\t<div class=\"elementor-element elementor-element-ac4ba9f elementor-widget elementor-widget-text-editor\" data-id=\"ac4ba9f\" data-element_type=\"widget\" data-e-type=\"widget\" data-widget_type=\"text-editor.default\">\n\t\t\t\t<div class=\"elementor-widget-container\">\n\t\t\t\t\t\t\t\t\t<p><span style=\"font-size: 18pt;\"><strong><span style=\"color: #ff00ff;\">Marco Schober<\/span> ist vielen als &#8220;schwerer Metaler&#8221; von <span style=\"color: #ff00ff;\">Steel Engraved<\/span> bekannt. Der aus dem Bayerwald stammende Profimusiker und S\u00e4nger schl\u00e4gt nun leisere T\u00f6ne an. Seine Lieder, handeln vom Leben, mit denen sich jeder identifizieren kann. So widmete er u. a. auch einen Song seiner Gro\u00dfmutter.<\/strong><\/span><br \/><span style=\"font-size: 18pt;\"><strong>Sein neues Album, \u201eSo is s\u2019Lem\u201c das auf Deutsch gehalten ist, stellte unsere Christl in ihrer Live-Sendung am 10. April 25 vor. <\/strong><\/span><br \/><span style=\"font-size: 18pt;\"><strong>Ebenso Songs von seiner Band <span style=\"color: #ff00ff;\">Steel Engraved<\/span>. <\/strong><\/span><\/p><p>Hier geht\u00b4s zur Webseite von Marco Schober: <br \/><a href=\"https:\/\/www.marcoschober.de\/\" target=\"_blank\" rel=\"noopener\"><span style=\"font-size: 18pt;\">https:\/\/www.marcoschober.de\/<\/span><\/a><\/p>\t\t\t\t\t\t\t\t<\/div>\n\t\t\t\t<\/div>\n\t\t\t\t<\/div>\n\t\t<div class=\"elementor-element elementor-element-a8eb7ef e-con-full e-flex e-con e-child\" data-id=\"a8eb7ef\" data-element_type=\"container\" data-e-type=\"container\">\n\t\t<div class=\"elementor-element elementor-element-ac5c6d4 e-con-full e-flex e-con e-child\" data-id=\"ac5c6d4\" data-element_type=\"container\" data-e-type=\"container\">\n\t\t\t\t<div class=\"elementor-element elementor-element-840e78e elementor-widget elementor-widget-image\" data-id=\"840e78e\" data-element_type=\"widget\" data-e-type=\"widget\" data-widget_type=\"image.default\">\n\t\t\t\t<div class=\"elementor-widget-container\">\n\t\t\t\t\t\t\t\t\t\t\t\t<figure class=\"wp-caption\">\n\t\t\t\t\t\t\t\t\t\t<img decoding=\"async\" width=\"148\" height=\"171\" src=\"https:\/\/radio-soundstadl.de\/wp-content\/uploads\/2025\/04\/marco.jpg\" class=\"attachment-large size-large wp-image-1544\" alt=\"\" srcset=\"https:\/\/radio-soundstadl.de\/wp-content\/uploads\/2025\/04\/marco.jpg 148w, https:\/\/radio-soundstadl.de\/wp-content\/uploads\/2025\/04\/marco-60x69.jpg 60w\" sizes=\"(max-width: 148px) 100vw, 148px\" \/>\t\t\t\t\t\t\t\t\t\t\t<figcaption class=\"widget-image-caption wp-caption-text\">Marco Schober<\/figcaption>\n\t\t\t\t\t\t\t\t\t\t<\/figure>\n\t\t\t\t\t\t\t\t\t<\/div>\n\t\t\t\t<\/div>\n\t\t\t\t<\/div>\n\t\t<div class=\"elementor-element elementor-element-812ed13 e-con-full e-flex e-con e-child\" data-id=\"812ed13\" data-element_type=\"container\" data-e-type=\"container\">\n\t\t\t\t<div class=\"elementor-element elementor-element-4af7a4e elementor-widget elementor-widget-image\" data-id=\"4af7a4e\" data-element_type=\"widget\" data-e-type=\"widget\" data-widget_type=\"image.default\">\n\t\t\t\t<div class=\"elementor-widget-container\">\n\t\t\t\t\t\t\t\t\t\t\t\t\t\t\t<img fetchpriority=\"high\" decoding=\"async\" width=\"562\" height=\"451\" src=\"https:\/\/radio-soundstadl.de\/wp-content\/uploads\/2025\/04\/marco2.jpg\" class=\"attachment-large size-large wp-image-1545\" alt=\"\" srcset=\"https:\/\/radio-soundstadl.de\/wp-content\/uploads\/2025\/04\/marco2.jpg 562w, https:\/\/radio-soundstadl.de\/wp-content\/uploads\/2025\/04\/marco2-300x241.jpg 300w, https:\/\/radio-soundstadl.de\/wp-content\/uploads\/2025\/04\/marco2-60x48.jpg 60w\" sizes=\"(max-width: 562px) 100vw, 562px\" \/>\t\t\t\t\t\t\t\t\t\t\t\t\t\t\t<\/div>\n\t\t\t\t<\/div>\n\t\t\t\t<\/div>\n\t\t\t\t<\/div>\n\t\t\t\t\t<\/div>\n\t\t\t\t<\/div>\n\t\t<div class=\"elementor-element elementor-element-84d8fe6 e-flex e-con-boxed e-con e-parent\" data-id=\"84d8fe6\" data-element_type=\"container\" data-e-type=\"container\">\n\t\t\t\t\t<div class=\"e-con-inner\">\n\t\t\t\t<div class=\"elementor-element elementor-element-07a850e elementor-widget-divider--separator-type-pattern elementor-widget-divider--no-spacing elementor-widget-divider--view-line elementor-widget elementor-widget-divider\" data-id=\"07a850e\" data-element_type=\"widget\" data-e-type=\"widget\" data-widget_type=\"divider.default\">\n\t\t\t\t<div class=\"elementor-widget-container\">\n\t\t\t\t\t\t\t<div class=\"elementor-divider\" style=\"--divider-pattern-url: url(&quot;data:image\/svg+xml,%3Csvg xmlns=&#039;http:\/\/www.w3.org\/2000\/svg&#039; preserveAspectRatio=&#039;xMidYMid meet&#039; overflow=&#039;visible&#039; height=&#039;100%&#039; viewBox=&#039;0 0 120 26&#039; fill=&#039;black&#039; stroke=&#039;none&#039;%3E%3Cpolygon points=&#039;0,14.4 0,21 11.5,12.4 21.3,20 30.4,11.1 40.3,20 51,12.4 60.6,20 69.6,11.1 79.3,20 90.1,12.4 99.6,20 109.7,11.1 120,21 120,14.4 109.7,5 99.6,13 90.1,5 79.3,14.5 71,5.7 60.6,12.4 51,5 40.3,14.5 31.1,5 21.3,13 11.5,5 \t&#039;\/%3E%3C\/svg%3E&quot;);\">\n\t\t\t<span class=\"elementor-divider-separator\">\n\t\t\t\t\t\t<\/span>\n\t\t<\/div>\n\t\t\t\t\t\t<\/div>\n\t\t\t\t<\/div>\n\t\t\t\t\t<\/div>\n\t\t\t\t<\/div>\n\t\t<div class=\"elementor-element elementor-element-b2f2c56 e-flex e-con-boxed e-con e-parent\" data-id=\"b2f2c56\" data-element_type=\"container\" data-e-type=\"container\">\n\t\t\t\t\t<div class=\"e-con-inner\">\n\t\t<div class=\"elementor-element elementor-element-8aa5a4c e-con-full e-flex e-con e-child\" data-id=\"8aa5a4c\" data-element_type=\"container\" data-e-type=\"container\">\n\t\t\t\t<div class=\"elementor-element elementor-element-60dcf84 elementor-widget elementor-widget-image\" data-id=\"60dcf84\" data-element_type=\"widget\" data-e-type=\"widget\" data-widget_type=\"image.default\">\n\t\t\t\t<div class=\"elementor-widget-container\">\n\t\t\t\t\t\t\t\t\t\t\t\t\t\t\t<img decoding=\"async\" width=\"342\" height=\"412\" src=\"https:\/\/radio-soundstadl.de\/wp-content\/uploads\/2025\/04\/Niko.jpg\" class=\"attachment-large size-large wp-image-1556\" alt=\"\" srcset=\"https:\/\/radio-soundstadl.de\/wp-content\/uploads\/2025\/04\/Niko.jpg 342w, https:\/\/radio-soundstadl.de\/wp-content\/uploads\/2025\/04\/Niko-249x300.jpg 249w, https:\/\/radio-soundstadl.de\/wp-content\/uploads\/2025\/04\/Niko-60x72.jpg 60w\" sizes=\"(max-width: 342px) 100vw, 342px\" \/>\t\t\t\t\t\t\t\t\t\t\t\t\t\t\t<\/div>\n\t\t\t\t<\/div>\n\t\t\t\t<\/div>\n\t\t<div class=\"elementor-element elementor-element-4613482 e-con-full e-flex e-con e-child\" data-id=\"4613482\" data-element_type=\"container\" data-e-type=\"container\">\n\t\t\t\t<div class=\"elementor-element elementor-element-e90b26d elementor-widget elementor-widget-text-editor\" data-id=\"e90b26d\" data-element_type=\"widget\" data-e-type=\"widget\" data-widget_type=\"text-editor.default\">\n\t\t\t\t<div class=\"elementor-widget-container\">\n\t\t\t\t\t\t\t\t\t<p><span style=\"font-size: 18pt; color: #ff00ff;\">G. Niko &#8211; Tiroler Alpenrocker<\/span><\/p><p><span style=\"font-size: 18pt; color: #3366ff;\">&#8220;Meine Musik ist meine Leidenschaft und ein positiver Antrieb f\u00fcr jeden Tag. Sie bringt mich dazu, an jeder neuen Herausforderung zu wachsen und so neue Ziele zu erreichen&#8221;.<\/span><\/p><p><span style=\"font-size: 18pt;\">Niko\u00b4s Webseite:<\/span><\/p><p><a href=\"https:\/\/g-niko-1.jimdosite.com\/\" target=\"_blank\" rel=\"noopener\"><span style=\"font-size: 18pt;\">https:\/\/g-niko-1.jimdosite.com\/<\/span><\/a><\/p>\t\t\t\t\t\t\t\t<\/div>\n\t\t\t\t<\/div>\n\t\t\t\t<\/div>\n\t\t\t\t\t<\/div>\n\t\t\t\t<\/div>\n\t\t<div class=\"elementor-element elementor-element-e6cb314 e-flex e-con-boxed e-con e-parent\" data-id=\"e6cb314\" data-element_type=\"container\" data-e-type=\"container\">\n\t\t\t\t\t<div class=\"e-con-inner\">\n\t\t\t\t<div class=\"elementor-element elementor-element-16168c3 elementor-widget-divider--separator-type-pattern elementor-widget-divider--no-spacing elementor-widget-divider--view-line elementor-widget elementor-widget-divider\" data-id=\"16168c3\" data-element_type=\"widget\" data-e-type=\"widget\" data-widget_type=\"divider.default\">\n\t\t\t\t<div class=\"elementor-widget-container\">\n\t\t\t\t\t\t\t<div class=\"elementor-divider\" style=\"--divider-pattern-url: url(&quot;data:image\/svg+xml,%3Csvg xmlns=&#039;http:\/\/www.w3.org\/2000\/svg&#039; preserveAspectRatio=&#039;xMidYMid meet&#039; overflow=&#039;visible&#039; height=&#039;100%&#039; viewBox=&#039;0 0 120 26&#039; fill=&#039;black&#039; stroke=&#039;none&#039;%3E%3Cpolygon points=&#039;0,14.4 0,21 11.5,12.4 21.3,20 30.4,11.1 40.3,20 51,12.4 60.6,20 69.6,11.1 79.3,20 90.1,12.4 99.6,20 109.7,11.1 120,21 120,14.4 109.7,5 99.6,13 90.1,5 79.3,14.5 71,5.7 60.6,12.4 51,5 40.3,14.5 31.1,5 21.3,13 11.5,5 \t&#039;\/%3E%3C\/svg%3E&quot;);\">\n\t\t\t<span class=\"elementor-divider-separator\">\n\t\t\t\t\t\t<\/span>\n\t\t<\/div>\n\t\t\t\t\t\t<\/div>\n\t\t\t\t<\/div>\n\t\t\t\t\t<\/div>\n\t\t\t\t<\/div>\n\t\t<div class=\"elementor-element elementor-element-3ff0e0c e-flex e-con-boxed e-con e-parent\" data-id=\"3ff0e0c\" data-element_type=\"container\" data-e-type=\"container\">\n\t\t\t\t\t<div class=\"e-con-inner\">\n\t\t<div class=\"elementor-element elementor-element-0a4eca4 e-con-full e-flex e-con e-child\" data-id=\"0a4eca4\" data-element_type=\"container\" data-e-type=\"container\">\n\t\t\t\t<div class=\"elementor-element elementor-element-c17ae93 elementor-widget elementor-widget-text-editor\" data-id=\"c17ae93\" data-element_type=\"widget\" data-e-type=\"widget\" data-widget_type=\"text-editor.default\">\n\t\t\t\t<div class=\"elementor-widget-container\">\n\t\t\t\t\t\t\t\t\t<p><span style=\"font-size: 18pt;\"><span style=\"color: #ff00ff;\">Andrea Hager<\/span>, Singer &amp; Songwriter. <\/span><\/p><p><span style=\"font-size: 18pt;\">Ihre Texte sind tiefgr\u00fcndig, aus dem Leben gegriffen. <\/span><\/p><p><span style=\"font-size: 18pt;\">Ihre &#8220;<span style=\"color: #ff00ff;\">Magobis<\/span>&#8220;, die reizenden Kobolde, verzaubern uns mit ihren Geschichten und Liedern. <\/span><\/p><p><span style=\"font-size: 18pt;\">Die Webseite von Andrea findet ihr hier:\u00a0<\/span><\/p><p><span style=\"font-size: 18pt;\"><a href=\"https:\/\/andrea-hager-dark-light-emotions.webnode.page\/\" target=\"_blank\" rel=\"noopener\"><span style=\"font-size: 14pt;\">https:\/\/andrea-hager-dark-light-emotions.webno<\/span>de.page\/<\/a><\/span><\/p>\t\t\t\t\t\t\t\t<\/div>\n\t\t\t\t<\/div>\n\t\t\t\t<\/div>\n\t\t<div class=\"elementor-element elementor-element-2ffce20 e-con-full e-flex e-con e-child\" data-id=\"2ffce20\" data-element_type=\"container\" data-e-type=\"container\">\n\t\t\t\t<div class=\"elementor-element elementor-element-5591e7f elementor-widget elementor-widget-image\" data-id=\"5591e7f\" data-element_type=\"widget\" data-e-type=\"widget\" data-widget_type=\"image.default\">\n\t\t\t\t<div class=\"elementor-widget-container\">\n\t\t\t\t\t\t\t\t\t\t\t\t\t\t\t<img loading=\"lazy\" decoding=\"async\" width=\"640\" height=\"248\" src=\"https:\/\/radio-soundstadl.de\/wp-content\/uploads\/2025\/04\/andrea.jpg\" class=\"attachment-large size-large wp-image-1560\" alt=\"\" srcset=\"https:\/\/radio-soundstadl.de\/wp-content\/uploads\/2025\/04\/andrea.jpg 960w, https:\/\/radio-soundstadl.de\/wp-content\/uploads\/2025\/04\/andrea-300x116.jpg 300w, https:\/\/radio-soundstadl.de\/wp-content\/uploads\/2025\/04\/andrea-768x298.jpg 768w, https:\/\/radio-soundstadl.de\/wp-content\/uploads\/2025\/04\/andrea-60x23.jpg 60w\" sizes=\"(max-width: 640px) 100vw, 640px\" \/>\t\t\t\t\t\t\t\t\t\t\t\t\t\t\t<\/div>\n\t\t\t\t<\/div>\n\t\t\t\t<\/div>\n\t\t\t\t\t<\/div>\n\t\t\t\t<\/div>\n\t\t<div class=\"elementor-element elementor-element-8f48610 e-flex e-con-boxed e-con e-parent\" data-id=\"8f48610\" data-element_type=\"container\" data-e-type=\"container\">\n\t\t\t\t\t<div class=\"e-con-inner\">\n\t\t\t\t<div class=\"elementor-element elementor-element-2de4847 elementor-widget-divider--separator-type-pattern elementor-widget-divider--no-spacing elementor-widget-divider--view-line elementor-widget elementor-widget-divider\" data-id=\"2de4847\" data-element_type=\"widget\" data-e-type=\"widget\" data-widget_type=\"divider.default\">\n\t\t\t\t<div class=\"elementor-widget-container\">\n\t\t\t\t\t\t\t<div class=\"elementor-divider\" style=\"--divider-pattern-url: url(&quot;data:image\/svg+xml,%3Csvg xmlns=&#039;http:\/\/www.w3.org\/2000\/svg&#039; preserveAspectRatio=&#039;xMidYMid meet&#039; overflow=&#039;visible&#039; height=&#039;100%&#039; viewBox=&#039;0 0 120 26&#039; fill=&#039;black&#039; stroke=&#039;none&#039;%3E%3Cpolygon points=&#039;0,14.4 0,21 11.5,12.4 21.3,20 30.4,11.1 40.3,20 51,12.4 60.6,20 69.6,11.1 79.3,20 90.1,12.4 99.6,20 109.7,11.1 120,21 120,14.4 109.7,5 99.6,13 90.1,5 79.3,14.5 71,5.7 60.6,12.4 51,5 40.3,14.5 31.1,5 21.3,13 11.5,5 \t&#039;\/%3E%3C\/svg%3E&quot;);\">\n\t\t\t<span class=\"elementor-divider-separator\">\n\t\t\t\t\t\t<\/span>\n\t\t<\/div>\n\t\t\t\t\t\t<\/div>\n\t\t\t\t<\/div>\n\t\t\t\t\t<\/div>\n\t\t\t\t<\/div>\n\t\t\t\t<\/div>\n\t\t","protected":false},"excerpt":{"rendered":"<p>Hier stellen wir euch K\u00fcnstler vor, die live im Soundstadl Interviews gaben (Christl) oder eben, mit denen wir befreundet sind. Marco Schober ist vielen als &#8220;schwerer Metaler&#8221; von Steel Engraved bekannt. Der aus dem Bayerwald stammende Profimusiker und S\u00e4nger schl\u00e4gt nun leisere T\u00f6ne an. Seine Lieder, handeln vom Leben, mit denen sich jeder identifizieren kann. &hellip; <\/p>\n<p class=\"link-more\"><a href=\"https:\/\/radio-soundstadl.de\/?page_id=1542\" class=\"more-link\">Continue reading<span class=\"screen-reader-text\"> &#8220;Unsere K\u00fcnstler&#8221;<\/span><\/a><\/p>\n","protected":false},"author":2,"featured_media":0,"parent":0,"menu_order":0,"comment_status":"closed","ping_status":"closed","template":"","meta":{"footnotes":""},"class_list":["post-1542","page","type-page","status-publish","hentry"],"_links":{"self":[{"href":"https:\/\/radio-soundstadl.de\/index.php?rest_route=\/wp\/v2\/pages\/1542","targetHints":{"allow":["GET"]}}],"collection":[{"href":"https:\/\/radio-soundstadl.de\/index.php?rest_route=\/wp\/v2\/pages"}],"about":[{"href":"https:\/\/radio-soundstadl.de\/index.php?rest_route=\/wp\/v2\/types\/page"}],"author":[{"embeddable":true,"href":"https:\/\/radio-soundstadl.de\/index.php?rest_route=\/wp\/v2\/users\/2"}],"replies":[{"embeddable":true,"href":"https:\/\/radio-soundstadl.de\/index.php?rest_route=%2Fwp%2Fv2%2Fcomments&post=1542"}],"version-history":[{"count":22,"href":"https:\/\/radio-soundstadl.de\/index.php?rest_route=\/wp\/v2\/pages\/1542\/revisions"}],"predecessor-version":[{"id":1570,"href":"https:\/\/radio-soundstadl.de\/index.php?rest_route=\/wp\/v2\/pages\/1542\/revisions\/1570"}],"wp:attachment":[{"href":"https:\/\/radio-soundstadl.de\/index.php?rest_route=%2Fwp%2Fv2%2Fmedia&parent=1542"}],"curies":[{"name":"wp","href":"https:\/\/api.w.org\/{rel}","templated":true}]}}